{"id":8,"date":"2024-02-01T06:09:50","date_gmt":"2024-02-01T06:09:50","guid":{"rendered":"https:\/\/radioportalsudoeste.com.br\/programacao\/?page_id=8"},"modified":"2025-12-19T15:55:45","modified_gmt":"2025-12-19T15:55:45","slug":"home","status":"publish","type":"page","link":"https:\/\/radioportalsudoeste.com.br\/programacao\/","title":{"rendered":"home"},"content":{"rendered":"\t\t<div data-elementor-type=\"wp-page\" data-elementor-id=\"8\" class=\"elementor elementor-8\" data-elementor-post-type=\"page\">\n\t\t\t\t<div class=\"elementor-element elementor-element-2303304 e-flex e-con-boxed e-con e-parent\" data-id=\"2303304\" data-element_type=\"container\" data-settings=\"{&quot;content_width&quot;:&quot;boxed&quot;}\" data-core-v316-plus=\"true\">\n\t\t\t\t\t<div class=\"e-con-inner\">\n\t\t\t\t<div class=\"elementor-element elementor-element-6c41249 elementor-widget elementor-widget-heading\" data-id=\"6c41249\" data-element_type=\"widget\" data-widget_type=\"heading.default\">\n\t\t\t\t<div class=\"elementor-widget-container\">\n\t\t\t<style>\/*! elementor - v3.19.0 - 29-01-2024 *\/\n.elementor-heading-title{padding:0;margin:0;line-height:1}.elementor-widget-heading .elementor-heading-title[class*=elementor-size-]>a{color:inherit;font-size:inherit;line-height:inherit}.elementor-widget-heading .elementor-heading-title.elementor-size-small{font-size:15px}.elementor-widget-heading .elementor-heading-title.elementor-size-medium{font-size:19px}.elementor-widget-heading .elementor-heading-title.elementor-size-large{font-size:29px}.elementor-widget-heading .elementor-heading-title.elementor-size-xl{font-size:39px}.elementor-widget-heading .elementor-heading-title.elementor-size-xxl{font-size:59px}<\/style><h2 class=\"elementor-heading-title elementor-size-default\">Programa\u00e7\u00e3o<\/h2>\t\t<\/div>\n\t\t\t\t<\/div>\n\t\t\t\t\t<\/div>\n\t\t\t\t<\/div>\n\t\t<div class=\"elementor-element elementor-element-02255ca e-flex e-con-boxed e-con e-parent\" data-id=\"02255ca\" data-element_type=\"container\" data-settings=\"{&quot;content_width&quot;:&quot;boxed&quot;}\" data-core-v316-plus=\"true\">\n\t\t\t\t\t<div class=\"e-con-inner\">\n\t\t\t\t<div class=\"elementor-element elementor-element-099a1bc elementor-tabs-view-horizontal elementor-widget elementor-widget-tabs\" data-id=\"099a1bc\" data-element_type=\"widget\" data-widget_type=\"tabs.default\">\n\t\t\t\t<div class=\"elementor-widget-container\">\n\t\t\t<style>\/*! elementor - v3.19.0 - 29-01-2024 *\/\n.elementor-widget-tabs.elementor-tabs-view-vertical .elementor-tabs-wrapper{width:25%;flex-shrink:0}.elementor-widget-tabs.elementor-tabs-view-vertical .elementor-tab-desktop-title.elementor-active{border-right-style:none}.elementor-widget-tabs.elementor-tabs-view-vertical .elementor-tab-desktop-title.elementor-active:after,.elementor-widget-tabs.elementor-tabs-view-vertical .elementor-tab-desktop-title.elementor-active:before{height:999em;width:0;right:0;border-right-style:solid}.elementor-widget-tabs.elementor-tabs-view-vertical .elementor-tab-desktop-title.elementor-active:before{top:0;transform:translateY(-100%)}.elementor-widget-tabs.elementor-tabs-view-vertical .elementor-tab-desktop-title.elementor-active:after{top:100%}.elementor-widget-tabs.elementor-tabs-view-horizontal .elementor-tab-desktop-title{display:table-cell}.elementor-widget-tabs.elementor-tabs-view-horizontal .elementor-tab-desktop-title.elementor-active{border-bottom-style:none}.elementor-widget-tabs.elementor-tabs-view-horizontal .elementor-tab-desktop-title.elementor-active:after,.elementor-widget-tabs.elementor-tabs-view-horizontal .elementor-tab-desktop-title.elementor-active:before{bottom:0;height:0;width:999em;border-bottom-style:solid}.elementor-widget-tabs.elementor-tabs-view-horizontal .elementor-tab-desktop-title.elementor-active:before{right:100%}.elementor-widget-tabs.elementor-tabs-view-horizontal .elementor-tab-desktop-title.elementor-active:after{left:100%}.elementor-widget-tabs .elementor-tab-content,.elementor-widget-tabs .elementor-tab-title,.elementor-widget-tabs .elementor-tab-title:after,.elementor-widget-tabs .elementor-tab-title:before,.elementor-widget-tabs .elementor-tabs-content-wrapper{border:1px #d5d8dc}.elementor-widget-tabs .elementor-tabs{text-align:left}.elementor-widget-tabs .elementor-tabs-wrapper{overflow:hidden}.elementor-widget-tabs .elementor-tab-title{cursor:pointer;outline:var(--focus-outline,none)}.elementor-widget-tabs .elementor-tab-desktop-title{position:relative;padding:20px 25px;font-weight:700;line-height:1;border:solid transparent}.elementor-widget-tabs .elementor-tab-desktop-title.elementor-active{border-color:#d5d8dc}.elementor-widget-tabs .elementor-tab-desktop-title.elementor-active:after,.elementor-widget-tabs .elementor-tab-desktop-title.elementor-active:before{display:block;content:\"\";position:absolute}.elementor-widget-tabs .elementor-tab-desktop-title:focus-visible{border:1px solid #000}.elementor-widget-tabs .elementor-tab-mobile-title{padding:10px;cursor:pointer}.elementor-widget-tabs .elementor-tab-content{padding:20px;display:none}@media (max-width:767px){.elementor-tabs .elementor-tab-content,.elementor-tabs .elementor-tab-title{border-style:solid solid none}.elementor-tabs .elementor-tabs-wrapper{display:none}.elementor-tabs .elementor-tabs-content-wrapper{border-bottom-style:solid}.elementor-tabs .elementor-tab-content{padding:10px}}@media (min-width:768px){.elementor-widget-tabs.elementor-tabs-view-vertical .elementor-tabs{display:flex}.elementor-widget-tabs.elementor-tabs-view-vertical .elementor-tabs-wrapper{flex-direction:column}.elementor-widget-tabs.elementor-tabs-view-vertical .elementor-tabs-content-wrapper{flex-grow:1;border-style:solid solid solid none}.elementor-widget-tabs.elementor-tabs-view-horizontal .elementor-tab-content{border-style:none solid solid}.elementor-widget-tabs.elementor-tabs-alignment-center .elementor-tabs-wrapper,.elementor-widget-tabs.elementor-tabs-alignment-end .elementor-tabs-wrapper,.elementor-widget-tabs.elementor-tabs-alignment-stretch .elementor-tabs-wrapper{display:flex}.elementor-widget-tabs.elementor-tabs-alignment-center .elementor-tabs-wrapper{justify-content:center}.elementor-widget-tabs.elementor-tabs-alignment-end .elementor-tabs-wrapper{justify-content:flex-end}.elementor-widget-tabs.elementor-tabs-alignment-stretch.elementor-tabs-view-horizontal .elementor-tab-title{width:100%}.elementor-widget-tabs.elementor-tabs-alignment-stretch.elementor-tabs-view-vertical .elementor-tab-title{height:100%}.elementor-tabs .elementor-tab-mobile-title{display:none}}<\/style>\t\t<div class=\"elementor-tabs\">\n\t\t\t<div class=\"elementor-tabs-wrapper\" role=\"tablist\" >\n\t\t\t\t\t\t\t\t\t<div id=\"elementor-tab-title-1001\" class=\"elementor-tab-title elementor-tab-desktop-title\" aria-selected=\"true\" data-tab=\"1\" role=\"tab\" tabindex=\"0\" aria-controls=\"elementor-tab-content-1001\" aria-expanded=\"false\">Domingo<\/div>\n\t\t\t\t\t\t\t\t\t<div id=\"elementor-tab-title-1002\" class=\"elementor-tab-title elementor-tab-desktop-title\" aria-selected=\"false\" data-tab=\"2\" role=\"tab\" tabindex=\"-1\" aria-controls=\"elementor-tab-content-1002\" aria-expanded=\"false\">Segunda<\/div>\n\t\t\t\t\t\t\t\t\t<div id=\"elementor-tab-title-1003\" class=\"elementor-tab-title elementor-tab-desktop-title\" aria-selected=\"false\" data-tab=\"3\" role=\"tab\" tabindex=\"-1\" aria-controls=\"elementor-tab-content-1003\" aria-expanded=\"false\">Ter\u00e7a<\/div>\n\t\t\t\t\t\t\t\t\t<div id=\"elementor-tab-title-1004\" class=\"elementor-tab-title elementor-tab-desktop-title\" aria-selected=\"false\" data-tab=\"4\" role=\"tab\" tabindex=\"-1\" aria-controls=\"elementor-tab-content-1004\" aria-expanded=\"false\">Quarta<\/div>\n\t\t\t\t\t\t\t\t\t<div id=\"elementor-tab-title-1005\" class=\"elementor-tab-title elementor-tab-desktop-title\" aria-selected=\"false\" data-tab=\"5\" role=\"tab\" tabindex=\"-1\" aria-controls=\"elementor-tab-content-1005\" aria-expanded=\"false\">Quinta<\/div>\n\t\t\t\t\t\t\t\t\t<div id=\"elementor-tab-title-1006\" class=\"elementor-tab-title elementor-tab-desktop-title\" aria-selected=\"false\" data-tab=\"6\" role=\"tab\" tabindex=\"-1\" aria-controls=\"elementor-tab-content-1006\" aria-expanded=\"false\">Sexta<\/div>\n\t\t\t\t\t\t\t\t\t<div id=\"elementor-tab-title-1007\" class=\"elementor-tab-title elementor-tab-desktop-title\" aria-selected=\"false\" data-tab=\"7\" role=\"tab\" tabindex=\"-1\" aria-controls=\"elementor-tab-content-1007\" aria-expanded=\"false\">S\u00e1bado<\/div>\n\t\t\t\t\t\t\t<\/div>\n\t\t\t<div class=\"elementor-tabs-content-wrapper\" role=\"tablist\" aria-orientation=\"vertical\">\n\t\t\t\t\t\t\t\t\t<div class=\"elementor-tab-title elementor-tab-mobile-title\" aria-selected=\"true\" data-tab=\"1\" role=\"tab\" tabindex=\"0\" aria-controls=\"elementor-tab-content-1001\" aria-expanded=\"false\">Domingo<\/div>\n\t\t\t\t\t<div id=\"elementor-tab-content-1001\" class=\"elementor-tab-content elementor-clearfix\" data-tab=\"1\" role=\"tabpanel\" aria-labelledby=\"elementor-tab-title-1001\" tabindex=\"0\" hidden=\"false\"><table style=\"font-size: 18px;\">\n<thead>\n<tr>\n<th>\n<h3 style=\"font-size: 18px;\">Programa<\/h3>\n<\/th>\n<th>\n<h3 style=\"font-size: 18px;\">In\u00edcio<\/h3>\n<\/th>\n<th>\n<h3 style=\"font-size: 18px;\">Fim<\/h3>\n<\/th>\n<th>\n<h3 style=\"font-size: 18px;\">Apresentador<\/h3>\n<\/th>\n<\/tr>\n<\/thead>\n<tbody>\n<tr>\n<th scope=\"row\">Madrugada Portal Sudoeste<\/th>\n<td>00:00<\/td>\n<td>05:00<\/td>\n<td>Playlist Digital<\/td>\n<\/tr>\n<tr>\n<th scope=\"row\">Portal Sertanejo<\/th>\n<td>05:00<\/td>\n<td>09:00<\/td>\n<td>Marc\u00e3o<\/td>\n<\/tr>\n<tr>\n<th scope=\"row\">90 Graus<\/th>\n<td>09:00<\/td>\n<td>13:00<\/td>\n<td>Samuel Tadeu<\/td>\n<\/tr>\n<tr>\n<th scope=\"row\">As melhores da Portal<\/th>\n<td>13:00<\/td>\n<td>18:00<\/td>\n<td>Playlist Digital<\/td>\n<\/tr>\n<tr>\n<th scope=\"row\">Emp\u00f3rio Sertanejo<\/th>\n<td>18:00<\/td>\n<td>21:00<\/td>\n<td>Marquito Gomes<\/td>\n<\/tr>\n<tr>\n<\/tr><\/tbody>\n<\/table><\/div>\n\t\t\t\t\t\t\t\t\t<div class=\"elementor-tab-title elementor-tab-mobile-title\" aria-selected=\"false\" data-tab=\"2\" role=\"tab\" tabindex=\"-1\" aria-controls=\"elementor-tab-content-1002\" aria-expanded=\"false\">Segunda<\/div>\n\t\t\t\t\t<div id=\"elementor-tab-content-1002\" class=\"elementor-tab-content elementor-clearfix\" data-tab=\"2\" role=\"tabpanel\" aria-labelledby=\"elementor-tab-title-1002\" tabindex=\"0\" hidden=\"hidden\"><table class=\"table table-hover\" style=\"font-size: 18px;\">\n<thead>\n<tr>\n<th>\n<h3 style=\"font-size: 18px;\">Programa<\/h3>\n<\/th>\n<th>\n<h3 style=\"font-size: 18px;\">In\u00edcio<\/h3>\n<\/th>\n<th>\n<h3 style=\"font-size: 18px;\">Fim<\/h3>\n<\/th>\n<th>\n<h3 style=\"font-size: 18px;\">Apresentador<\/h3>\n<\/th>\n<\/tr>\n<\/thead>\n<tbody>\n<tr>\n<th scope=\"row\">Madrugada Portal Sudoeste<\/th>\n<td>00H<\/td>\n<td>04H30<\/td>\n<td>Playlist Digital<\/td>\n<\/tr>\n<tr>\n<th scope=\"row\">Portal Sertanejo<\/th>\n<td>04H30<\/td>\n<td>07H<\/td>\n<td>Velho Chico<\/td>\n<\/tr>\n<tr>\n<th scope=\"row\">Portal Sudoeste Not\u00edcias, 1\u00aa Edi\u00e7\u00e3o<\/th>\n<td>07H<\/td>\n<td>08H<\/td>\n<td>Luciano Santos<\/td>\n<\/tr>\n<tr>\n<th scope=\"row\">Bom Dia Portal<\/th>\n<td>08H<\/td>\n<td>12H<\/td>\n<td>Janilson Santos<\/td>\n<\/tr>\n<tr>\n<th scope=\"row\">Portal Sudoeste Not\u00edcias, 2\u00aa Edi\u00e7\u00e3o<\/th>\n<td>12H<\/td>\n<td>13H<\/td>\n<td>Luiz Brito e Luciano Santos<\/td>\n<\/tr>\n<tr>\n<th scope=\"row\">Coquetel Radical<\/th>\n<td>13H30<\/td>\n<td>17H<\/td>\n<td>Lucas Guarnielle<\/td>\n<\/tr>\n<tr>\n<th scope=\"row\">Super Hitz<\/th>\n<td>17H<\/td>\n<td>18H<\/td>\n<td>Playlist Digital<\/td>\n<\/tr>\n<tr>\n<th scope=\"row\">Festa Popular<\/th>\n<td>18H<\/td>\n<td>21H<\/td>\n<td>Samuel Tadeu<\/td>\n<\/tr>\n<tr>\n<th scope=\"row\">A Voz do Brasil<\/th>\n<td>21H<\/td>\n<td>22H<\/td>\n<td>Bras\u00edlia<\/td>\n<\/tr>\n<tr>\n<th scope=\"row\">Boa Noite Portal<\/th>\n<td>22H<\/td>\n<td>00H<\/td>\n<td>Playlist Digital<\/td>\n<\/tr>\n<\/tbody>\n<\/table><\/div>\n\t\t\t\t\t\t\t\t\t<div class=\"elementor-tab-title elementor-tab-mobile-title\" aria-selected=\"false\" data-tab=\"3\" role=\"tab\" tabindex=\"-1\" aria-controls=\"elementor-tab-content-1003\" aria-expanded=\"false\">Ter\u00e7a<\/div>\n\t\t\t\t\t<div id=\"elementor-tab-content-1003\" class=\"elementor-tab-content elementor-clearfix\" data-tab=\"3\" role=\"tabpanel\" aria-labelledby=\"elementor-tab-title-1003\" tabindex=\"0\" hidden=\"hidden\"><table class=\"table table-hover\" style=\"font-size: 18px;\">\n<thead>\n<tr>\n<th>\n<h3 style=\"font-size: 18px;\">Programa<\/h3>\n<\/th>\n<th>\n<h3 style=\"font-size: 18px;\">In\u00edcio<\/h3>\n<\/th>\n<th>\n<h3 style=\"font-size: 18px;\">Fim<\/h3>\n<\/th>\n<th>\n<h3 style=\"font-size: 18px;\">Apresentador<\/h3>\n<\/th>\n<\/tr>\n<\/thead>\n<tbody>\n<tr>\n<th scope=\"row\">Madrugada Portal Sudoeste<\/th>\n<td>00H<\/td>\n<td>04H30<\/td>\n<td>Playlist Digital<\/td>\n<\/tr>\n<tr>\n<th scope=\"row\">Portal Sertanejo<\/th>\n<td>04H30<\/td>\n<td>07H<\/td>\n<td>Velho Chico<\/td>\n<\/tr>\n<tr>\n<th scope=\"row\">Portal Sudoeste Not\u00edcias, 1\u00aa Edi\u00e7\u00e3o<\/th>\n<td>07H<\/td>\n<td>08H<\/td>\n<td>Luciano Santos<\/td>\n<\/tr>\n<tr>\n<th scope=\"row\">Bom Dia Portal<\/th>\n<td>08H<\/td>\n<td>12H<\/td>\n<td>Janilson Santos<\/td>\n<\/tr>\n<tr>\n<th scope=\"row\">Portal Sudoeste Not\u00edcias, 2\u00aa Edi\u00e7\u00e3o<\/th>\n<td>12H<\/td>\n<td>13H<\/td>\n<td>Luiz Brito e Luciano Santos<\/td>\n<\/tr>\n<tr>\n<th scope=\"row\">Coquetel Radical<\/th>\n<td>13H30<\/td>\n<td>17H<\/td>\n<td>Lucas Guarnielle<\/td>\n<\/tr>\n<tr>\n<th scope=\"row\">Super Hitz<\/th>\n<td>17H<\/td>\n<td>18H<\/td>\n<td>Playlist Digital<\/td>\n<\/tr>\n<tr>\n<th scope=\"row\">Festa Popular<\/th>\n<td>18H<\/td>\n<td>21H<\/td>\n<td>Samuel Tadeu<\/td>\n<\/tr>\n<tr>\n<th scope=\"row\">A Voz do Brasil<\/th>\n<td>21H<\/td>\n<td>22H<\/td>\n<td>Bras\u00edlia<\/td>\n<\/tr>\n<tr>\n<th scope=\"row\">Boa Noite Portal<\/th>\n<td>22H<\/td>\n<td>00H<\/td>\n<td>Playlist Digital<\/td>\n<\/tr>\n<\/tbody>\n<\/table><\/div>\n\t\t\t\t\t\t\t\t\t<div class=\"elementor-tab-title elementor-tab-mobile-title\" aria-selected=\"false\" data-tab=\"4\" role=\"tab\" tabindex=\"-1\" aria-controls=\"elementor-tab-content-1004\" aria-expanded=\"false\">Quarta<\/div>\n\t\t\t\t\t<div id=\"elementor-tab-content-1004\" class=\"elementor-tab-content elementor-clearfix\" data-tab=\"4\" role=\"tabpanel\" aria-labelledby=\"elementor-tab-title-1004\" tabindex=\"0\" hidden=\"hidden\"><table class=\"table table-hover\" style=\"font-size: 18px;\">\n<thead>\n<tr>\n<th>\n<h3 style=\"font-size: 18px;\">Programa<\/h3>\n<\/th>\n<th>\n<h3 style=\"font-size: 18px;\">In\u00edcio<\/h3>\n<\/th>\n<th>\n<h3 style=\"font-size: 18px;\">Fim<\/h3>\n<\/th>\n<th>\n<h3 style=\"font-size: 18px;\">Apresentador<\/h3>\n<\/th>\n<\/tr>\n<\/thead>\n<tbody>\n<tr>\n<th scope=\"row\">Madrugada Portal Sudoeste<\/th>\n<td>00H<\/td>\n<td>04H30<\/td>\n<td>Playlist Digital<\/td>\n<\/tr>\n<tr>\n<th scope=\"row\">Portal Sertanejo<\/th>\n<td>04H30<\/td>\n<td>07H<\/td>\n<td>Velho Chico<\/td>\n<\/tr>\n<tr>\n<th scope=\"row\">Portal Sudoeste Not\u00edcias, 1\u00aa Edi\u00e7\u00e3o<\/th>\n<td>07H<\/td>\n<td>08H<\/td>\n<td>Luciano Santos<\/td>\n<\/tr>\n<tr>\n<th scope=\"row\">Bom Dia Portal<\/th>\n<td>08H<\/td>\n<td>12H<\/td>\n<td>Janilson Santos<\/td>\n<\/tr>\n<tr>\n<th scope=\"row\">Portal Sudoeste Not\u00edcias, 2\u00aa Edi\u00e7\u00e3o<\/th>\n<td>12H<\/td>\n<td>13H<\/td>\n<td>Luiz Brito e Luciano Santos<\/td>\n<\/tr>\n<tr>\n<th scope=\"row\">Coquetel Radical<\/th>\n<td>13H30<\/td>\n<td>17H<\/td>\n<td>Lucas Guarnielle<\/td>\n<\/tr>\n<tr>\n<th scope=\"row\">Super Hitz<\/th>\n<td>17H<\/td>\n<td>18H<\/td>\n<td>Playlist Digital<\/td>\n<\/tr>\n<tr>\n<th scope=\"row\">Festa Popular<\/th>\n<td>18H<\/td>\n<td>21H<\/td>\n<td>Samuel Tadeu<\/td>\n<\/tr>\n<tr>\n<th scope=\"row\">A Voz do Brasil<\/th>\n<td>21H<\/td>\n<td>22H<\/td>\n<td>Bras\u00edlia<\/td>\n<\/tr>\n<tr>\n<th scope=\"row\">Boa Noite Portal<\/th>\n<td>22H<\/td>\n<td>00H<\/td>\n<td>Playlist Digital<\/td>\n<\/tr>\n<\/tbody>\n<\/table><\/div>\n\t\t\t\t\t\t\t\t\t<div class=\"elementor-tab-title elementor-tab-mobile-title\" aria-selected=\"false\" data-tab=\"5\" role=\"tab\" tabindex=\"-1\" aria-controls=\"elementor-tab-content-1005\" aria-expanded=\"false\">Quinta<\/div>\n\t\t\t\t\t<div id=\"elementor-tab-content-1005\" class=\"elementor-tab-content elementor-clearfix\" data-tab=\"5\" role=\"tabpanel\" aria-labelledby=\"elementor-tab-title-1005\" tabindex=\"0\" hidden=\"hidden\"><table class=\"table table-hover\" style=\"font-size: 18px;\">\n<thead>\n<tr>\n<th>\n<h3 style=\"font-size: 18px;\">Programa<\/h3>\n<\/th>\n<th>\n<h3 style=\"font-size: 18px;\">In\u00edcio<\/h3>\n<\/th>\n<th>\n<h3 style=\"font-size: 18px;\">Fim<\/h3>\n<\/th>\n<th>\n<h3 style=\"font-size: 18px;\">Apresentador<\/h3>\n<\/th>\n<\/tr>\n<\/thead>\n<tbody>\n<tr>\n<th scope=\"row\">Madrugada Portal Sudoeste<\/th>\n<td>00H<\/td>\n<td>04H30<\/td>\n<td>Playlist Digital<\/td>\n<\/tr>\n<tr>\n<th scope=\"row\">Portal Sertanejo<\/th>\n<td>04H30<\/td>\n<td>07H<\/td>\n<td>Velho Chico<\/td>\n<\/tr>\n<tr>\n<th scope=\"row\">Portal Sudoeste Not\u00edcias, 1\u00aa Edi\u00e7\u00e3o<\/th>\n<td>07H<\/td>\n<td>08H<\/td>\n<td>Luciano Santos<\/td>\n<\/tr>\n<tr>\n<th scope=\"row\">Bom Dia Portal<\/th>\n<td>08H<\/td>\n<td>12H<\/td>\n<td>Janilson Santos<\/td>\n<\/tr>\n<tr>\n<th scope=\"row\">Portal Sudoeste Not\u00edcias, 2\u00aa Edi\u00e7\u00e3o<\/th>\n<td>12H<\/td>\n<td>13H<\/td>\n<td>Luiz Brito e Luciano Santos<\/td>\n<\/tr>\n<tr>\n<th scope=\"row\">Coquetel Radical<\/th>\n<td>13H30<\/td>\n<td>17H<\/td>\n<td>Lucas Guarnielle<\/td>\n<\/tr>\n<tr>\n<th scope=\"row\">Super Hitz<\/th>\n<td>17H<\/td>\n<td>18H<\/td>\n<td>Playlist Digital<\/td>\n<\/tr>\n<tr>\n<th scope=\"row\">Festa Popular<\/th>\n<td>18H<\/td>\n<td>21H<\/td>\n<td>Samuel Tadeu<\/td>\n<\/tr>\n<tr>\n<th scope=\"row\">A Voz do Brasil<\/th>\n<td>21H<\/td>\n<td>22H<\/td>\n<td>Bras\u00edlia<\/td>\n<\/tr>\n<tr>\n<th scope=\"row\">Boa Noite Portal<\/th>\n<td>22H<\/td>\n<td>00H<\/td>\n<td>Playlist Digital<\/td>\n<\/tr>\n<\/tbody>\n<\/table><\/div>\n\t\t\t\t\t\t\t\t\t<div class=\"elementor-tab-title elementor-tab-mobile-title\" aria-selected=\"false\" data-tab=\"6\" role=\"tab\" tabindex=\"-1\" aria-controls=\"elementor-tab-content-1006\" aria-expanded=\"false\">Sexta<\/div>\n\t\t\t\t\t<div id=\"elementor-tab-content-1006\" class=\"elementor-tab-content elementor-clearfix\" data-tab=\"6\" role=\"tabpanel\" aria-labelledby=\"elementor-tab-title-1006\" tabindex=\"0\" hidden=\"hidden\"><table class=\"table table-hover\" style=\"font-size: 18px;\">\n<thead>\n<tr>\n<th>\n<h3 style=\"font-size: 18px;\">Programa<\/h3>\n<\/th>\n<th>\n<h3 style=\"font-size: 18px;\">In\u00edcio<\/h3>\n<\/th>\n<th>\n<h3 style=\"font-size: 18px;\">Fim<\/h3>\n<\/th>\n<th>\n<h3 style=\"font-size: 18px;\">Apresentador<\/h3>\n<\/th>\n<\/tr>\n<\/thead>\n<tbody>\n<tr>\n<th scope=\"row\">Madrugada Portal Sudoeste<\/th>\n<td>00H<\/td>\n<td>04H30<\/td>\n<td>Playlist Digital<\/td>\n<\/tr>\n<tr>\n<th scope=\"row\">Portal Sertanejo<\/th>\n<td>04H30<\/td>\n<td>07H<\/td>\n<td>Velho Chico<\/td>\n<\/tr>\n<tr>\n<th scope=\"row\">Portal Sudoeste Not\u00edcias, 1\u00aa Edi\u00e7\u00e3o<\/th>\n<td>07H<\/td>\n<td>08H<\/td>\n<td>Luciano Santos<\/td>\n<\/tr>\n<tr>\n<th scope=\"row\">Bom Dia Portal<\/th>\n<td>08H<\/td>\n<td>12H<\/td>\n<td>Janilson Santos<\/td>\n<\/tr>\n<tr>\n<th scope=\"row\">Portal Sudoeste Not\u00edcias, 2\u00aa Edi\u00e7\u00e3o<\/th>\n<td>12H<\/td>\n<td>13H<\/td>\n<td>Luiz Brito e Luciano Santos<\/td>\n<\/tr>\n<tr>\n<th scope=\"row\">Coquetel Radical<\/th>\n<td>13H30<\/td>\n<td>17H<\/td>\n<td>Lucas Guarnielle<\/td>\n<\/tr>\n<tr>\n<th scope=\"row\">Super Hitz<\/th>\n<td>17H<\/td>\n<td>18H<\/td>\n<td>Playlist Digital<\/td>\n<\/tr>\n<tr>\n<th scope=\"row\">Festa Popular<\/th>\n<td>18H<\/td>\n<td>21H<\/td>\n<td>Samuel Tadeu<\/td>\n<\/tr>\n<tr>\n<th scope=\"row\">A Voz do Brasil<\/th>\n<td>21H<\/td>\n<td>22H<\/td>\n<td>Bras\u00edlia<\/td>\n<\/tr>\n<tr>\n<th scope=\"row\">Boa Noite Portal<\/th>\n<td>22H<\/td>\n<td>00H<\/td>\n<td>Playlist Digital<\/td>\n<\/tr>\n<\/tbody>\n<\/table><\/div>\n\t\t\t\t\t\t\t\t\t<div class=\"elementor-tab-title elementor-tab-mobile-title\" aria-selected=\"false\" data-tab=\"7\" role=\"tab\" tabindex=\"-1\" aria-controls=\"elementor-tab-content-1007\" aria-expanded=\"false\">S\u00e1bado<\/div>\n\t\t\t\t\t<div id=\"elementor-tab-content-1007\" class=\"elementor-tab-content elementor-clearfix\" data-tab=\"7\" role=\"tabpanel\" aria-labelledby=\"elementor-tab-title-1007\" tabindex=\"0\" hidden=\"hidden\"><table style=\"font-size: 18px;\">\n<thead>\n<tr>\n<th>\n<h3 style=\"font-size: 18px;\">Programa<\/h3>\n<\/th>\n<th>\n<h3 style=\"font-size: 18px;\">In\u00edcio<\/h3>\n<\/th>\n<th>\n<h3 style=\"font-size: 18px;\">Fim<\/h3>\n<\/th>\n<th>\n<h3 style=\"font-size: 18px;\">Apresentador<\/h3>\n<\/th>\n<\/tr>\n<\/thead>\n<tbody>\n<tr>\n<th scope=\"row\">Madrugada Portal Sudoeste<\/th>\n<td>00:00<\/td>\n<td>05:00<\/td>\n<td>Playlist Digital<\/td>\n<\/tr>\n<tr>\n<th scope=\"row\">Portal Sertanejo<\/th>\n<td>05:00<\/td>\n<td>09:00<\/td>\n<td>Marc\u00e3o<\/td>\n<\/tr>\n<tr>\n<th scope=\"row\">90 Graus<\/th>\n<td>09:00<\/td>\n<td>13:00<\/td>\n<td>Uilians Santos<\/td>\n<\/tr>\n<tr>\n<th scope=\"row\">As melhores da Portal<\/th>\n<td>13:00<\/td>\n<td>18:00<\/td>\n<td>Playlist Digital<\/td>\n<\/tr>\n<tr>\n<th scope=\"row\">Emp\u00f3rio Sertanejo<\/th>\n<td>18:00<\/td>\n<td>21:00<\/td>\n<td>Marquito Gomes<\/td>\n<\/tr>\n<tr>\n\n<\/tbody>\n<\/table><\/div>\n\t\t\t\t\t\t\t<\/div>\n\t\t<\/div>\n\t\t\t\t<\/div>\n\t\t\t\t<\/div>\n\t\t\t\t\t<\/div>\n\t\t\t\t<\/div>\n\t\t\t\t<\/div>\n\t\t","protected":false},"excerpt":{"rendered":"<p>Programa\u00e7\u00e3o Domingo Segunda Ter\u00e7a Quarta Quinta Sexta S\u00e1bado Domingo Programa In\u00edcio Fim Apresentador Madrugada Portal Sudoeste 00:00 05:00 Playlist Digital Portal Sertanejo 05:00 09:00 Marc\u00e3o 90 Graus 09:00 13:00 Samuel Tadeu As melhores da Portal 13:00 18:00 Playlist Digital Emp\u00f3rio Sertanejo 18:00 21:00 Marquito Gomes Segunda Programa In\u00edcio Fim Apresentador Madrugada Portal Sudoeste 00H 04H30 [&hellip;]<\/p>\n","protected":false},"author":1,"featured_media":0,"parent":0,"menu_order":0,"comment_status":"closed","ping_status":"closed","template":"elementor_header_footer","meta":{"footnotes":""},"class_list":["post-8","page","type-page","status-publish","hentry"],"_links":{"self":[{"href":"https:\/\/radioportalsudoeste.com.br\/programacao\/wp-json\/wp\/v2\/pages\/8","targetHints":{"allow":["GET"]}}],"collection":[{"href":"https:\/\/radioportalsudoeste.com.br\/programacao\/wp-json\/wp\/v2\/pages"}],"about":[{"href":"https:\/\/radioportalsudoeste.com.br\/programacao\/wp-json\/wp\/v2\/types\/page"}],"author":[{"embeddable":true,"href":"https:\/\/radioportalsudoeste.com.br\/programacao\/wp-json\/wp\/v2\/users\/1"}],"replies":[{"embeddable":true,"href":"https:\/\/radioportalsudoeste.com.br\/programacao\/wp-json\/wp\/v2\/comments?post=8"}],"version-history":[{"count":76,"href":"https:\/\/radioportalsudoeste.com.br\/programacao\/wp-json\/wp\/v2\/pages\/8\/revisions"}],"predecessor-version":[{"id":194,"href":"https:\/\/radioportalsudoeste.com.br\/programacao\/wp-json\/wp\/v2\/pages\/8\/revisions\/194"}],"wp:attachment":[{"href":"https:\/\/radioportalsudoeste.com.br\/programacao\/wp-json\/wp\/v2\/media?parent=8"}],"curies":[{"name":"wp","href":"https:\/\/api.w.org\/{rel}","templated":true}]}}